{"id":16767,"date":"2026-01-06T16:03:38","date_gmt":"2026-01-06T21:03:38","guid":{"rendered":"https:\/\/sandovalmotors.com\/?post_type=product&#038;p=16767"},"modified":"2026-01-06T16:31:24","modified_gmt":"2026-01-06T21:31:24","slug":"parrilla-para-maletero-honda-xre-300","status":"publish","type":"product","link":"https:\/\/sandovalmotors.com\/?product=parrilla-para-maletero-honda-xre-300","title":{"rendered":"PARRILLA PARA MALETERO (HONDA XRE 300)"},"content":{"rendered":"<p>Mejora la funcionalidad y protecci\u00f3n de tu Honda XRE 300 con accesorios dise\u00f1ados para todo tipo de terreno. La barra de protecci\u00f3n resguarda la moto ante impactos, la parrilla para maletero ofrece soporte seguro para carga, y el porta alforjas brinda espacio adicional para equipaje, ideal para viajes largos y aventuras.<\/p>\n","protected":false},"excerpt":{"rendered":"<p>PORTA ALFORJAS \/ BARRA DE PROTECCION \/ PARRILLA PARA MALETERO (HONDA XRE 300)<\/p>\n","protected":false},"featured_media":16802,"comment_status":"closed","ping_status":"closed","template":"","meta":[],"product_brand":[107],"product_cat":[84],"product_tag":[],"class_list":{"0":"post-16767","1":"product","2":"type-product","3":"status-publish","4":"has-post-thumbnail","6":"product_brand-armo","7":"product_cat-porta-alforjas","9":"first","10":"instock","11":"shipping-taxable","12":"purchasable","13":"product-type-simple"},"jetpack_sharing_enabled":true,"_links":{"self":[{"href":"https:\/\/sandovalmotors.com\/index.php?rest_route=\/wp\/v2\/product\/16767","targetHints":{"allow":["GET"]}}],"collection":[{"href":"https:\/\/sandovalmotors.com\/index.php?rest_route=\/wp\/v2\/product"}],"about":[{"href":"https:\/\/sandovalmotors.com\/index.php?rest_route=\/wp\/v2\/types\/product"}],"replies":[{"embeddable":true,"href":"https:\/\/sandovalmotors.com\/index.php?rest_route=%2Fwp%2Fv2%2Fcomments&post=16767"}],"version-history":[{"count":1,"href":"https:\/\/sandovalmotors.com\/index.php?rest_route=\/wp\/v2\/product\/16767\/revisions"}],"predecessor-version":[{"id":16777,"href":"https:\/\/sandovalmotors.com\/index.php?rest_route=\/wp\/v2\/product\/16767\/revisions\/16777"}],"wp:featuredmedia":[{"embeddable":true,"href":"https:\/\/sandovalmotors.com\/index.php?rest_route=\/wp\/v2\/media\/16802"}],"wp:attachment":[{"href":"https:\/\/sandovalmotors.com\/index.php?rest_route=%2Fwp%2Fv2%2Fmedia&parent=16767"}],"wp:term":[{"taxonomy":"product_brand","embeddable":true,"href":"https:\/\/sandovalmotors.com\/index.php?rest_route=%2Fwp%2Fv2%2Fproduct_brand&post=16767"},{"taxonomy":"product_cat","embeddable":true,"href":"https:\/\/sandovalmotors.com\/index.php?rest_route=%2Fwp%2Fv2%2Fproduct_cat&post=16767"},{"taxonomy":"product_tag","embeddable":true,"href":"https:\/\/sandovalmotors.com\/index.php?rest_route=%2Fwp%2Fv2%2Fproduct_tag&post=16767"}],"curies":[{"name":"wp","href":"https:\/\/api.w.org\/{rel}","templated":true}]}}