{"id":16766,"date":"2026-01-06T16:03:38","date_gmt":"2026-01-06T21:03:38","guid":{"rendered":"https:\/\/sandovalmotors.com\/?post_type=product&#038;p=16766"},"modified":"2026-01-24T09:36:40","modified_gmt":"2026-01-24T14:36:40","slug":"barra-de-proteccion-honda-xre-300","status":"publish","type":"product","link":"https:\/\/sandovalmotors.com\/?product=barra-de-proteccion-honda-xre-300","title":{"rendered":"BARRA DE PROTECCION HONDA XRE 300"},"content":{"rendered":"<p>Fabricada en acero de alta resistencia, esta defensa proporciona una estructura s\u00f3lida y duradera capaz de absorber impactos y reducir da\u00f1os en componentes esenciales como el motor, carenados y laterales. Su dise\u00f1o robusto se adapta perfectamente a la Honda XRE 300, manteniendo su estilo aventurero sin afectar la maniobrabilidad.<\/p>\n","protected":false},"excerpt":{"rendered":"<p>La barra de protecci\u00f3n para Honda XRE 300 est\u00e1 dise\u00f1ada para ofrecer una defensa confiable al motor y al chasis de la motocicleta, brindando mayor seguridad ante ca\u00eddas, impactos o accidentes leves, tanto en uso urbano como en recorridos off-road.<\/p>\n","protected":false},"featured_media":16798,"comment_status":"closed","ping_status":"closed","template":"","meta":[],"product_brand":[],"product_cat":[80],"product_tag":[],"class_list":{"0":"post-16766","1":"product","2":"type-product","3":"status-publish","4":"has-post-thumbnail","6":"product_cat-defensa","8":"first","9":"instock","10":"shipping-taxable","11":"purchasable","12":"product-type-simple"},"jetpack_sharing_enabled":true,"_links":{"self":[{"href":"https:\/\/sandovalmotors.com\/index.php?rest_route=\/wp\/v2\/product\/16766","targetHints":{"allow":["GET"]}}],"collection":[{"href":"https:\/\/sandovalmotors.com\/index.php?rest_route=\/wp\/v2\/product"}],"about":[{"href":"https:\/\/sandovalmotors.com\/index.php?rest_route=\/wp\/v2\/types\/product"}],"replies":[{"embeddable":true,"href":"https:\/\/sandovalmotors.com\/index.php?rest_route=%2Fwp%2Fv2%2Fcomments&post=16766"}],"version-history":[{"count":1,"href":"https:\/\/sandovalmotors.com\/index.php?rest_route=\/wp\/v2\/product\/16766\/revisions"}],"predecessor-version":[{"id":16776,"href":"https:\/\/sandovalmotors.com\/index.php?rest_route=\/wp\/v2\/product\/16766\/revisions\/16776"}],"wp:featuredmedia":[{"embeddable":true,"href":"https:\/\/sandovalmotors.com\/index.php?rest_route=\/wp\/v2\/media\/16798"}],"wp:attachment":[{"href":"https:\/\/sandovalmotors.com\/index.php?rest_route=%2Fwp%2Fv2%2Fmedia&parent=16766"}],"wp:term":[{"taxonomy":"product_brand","embeddable":true,"href":"https:\/\/sandovalmotors.com\/index.php?rest_route=%2Fwp%2Fv2%2Fproduct_brand&post=16766"},{"taxonomy":"product_cat","embeddable":true,"href":"https:\/\/sandovalmotors.com\/index.php?rest_route=%2Fwp%2Fv2%2Fproduct_cat&post=16766"},{"taxonomy":"product_tag","embeddable":true,"href":"https:\/\/sandovalmotors.com\/index.php?rest_route=%2Fwp%2Fv2%2Fproduct_tag&post=16766"}],"curies":[{"name":"wp","href":"https:\/\/api.w.org\/{rel}","templated":true}]}}