{"id":16609,"date":"2026-01-04T18:33:08","date_gmt":"2026-01-04T23:33:08","guid":{"rendered":"https:\/\/sandovalmotors.com\/?post_type=product&#038;p=16609"},"modified":"2026-01-24T10:01:12","modified_gmt":"2026-01-24T15:01:12","slug":"l1-pro-2","status":"publish","type":"product","link":"https:\/\/sandovalmotors.com\/?product=l1-pro-2","title":{"rendered":"L1 PRO"},"content":{"rendered":"<p>Las exploradoras L1 ofrecen luz tipo expansi\u00f3n con funci\u00f3n de altas y bajas, ideales para conducci\u00f3n vers\u00e1til. Incorporan l\u00ednea de vida LED que mejora la visibilidad lateral y frontal, brindando mayor seguridad en todo tipo de caminos.<\/p>\n","protected":false},"excerpt":{"rendered":"<p>Exploradoras con linea de vida tipo expanci\u00f3n, con fincion de altas y bajas<\/p>\n","protected":false},"featured_media":16636,"comment_status":"closed","ping_status":"closed","template":"","meta":[],"product_brand":[111],"product_cat":[93],"product_tag":[],"class_list":{"0":"post-16609","1":"product","2":"type-product","3":"status-publish","4":"has-post-thumbnail","6":"product_brand-sandoval-motors","7":"product_cat-exploradora-gama-media","9":"first","10":"instock","11":"shipping-taxable","12":"purchasable","13":"product-type-simple"},"jetpack_sharing_enabled":true,"_links":{"self":[{"href":"https:\/\/sandovalmotors.com\/index.php?rest_route=\/wp\/v2\/product\/16609","targetHints":{"allow":["GET"]}}],"collection":[{"href":"https:\/\/sandovalmotors.com\/index.php?rest_route=\/wp\/v2\/product"}],"about":[{"href":"https:\/\/sandovalmotors.com\/index.php?rest_route=\/wp\/v2\/types\/product"}],"replies":[{"embeddable":true,"href":"https:\/\/sandovalmotors.com\/index.php?rest_route=%2Fwp%2Fv2%2Fcomments&post=16609"}],"version-history":[{"count":1,"href":"https:\/\/sandovalmotors.com\/index.php?rest_route=\/wp\/v2\/product\/16609\/revisions"}],"predecessor-version":[{"id":16615,"href":"https:\/\/sandovalmotors.com\/index.php?rest_route=\/wp\/v2\/product\/16609\/revisions\/16615"}],"wp:featuredmedia":[{"embeddable":true,"href":"https:\/\/sandovalmotors.com\/index.php?rest_route=\/wp\/v2\/media\/16636"}],"wp:attachment":[{"href":"https:\/\/sandovalmotors.com\/index.php?rest_route=%2Fwp%2Fv2%2Fmedia&parent=16609"}],"wp:term":[{"taxonomy":"product_brand","embeddable":true,"href":"https:\/\/sandovalmotors.com\/index.php?rest_route=%2Fwp%2Fv2%2Fproduct_brand&post=16609"},{"taxonomy":"product_cat","embeddable":true,"href":"https:\/\/sandovalmotors.com\/index.php?rest_route=%2Fwp%2Fv2%2Fproduct_cat&post=16609"},{"taxonomy":"product_tag","embeddable":true,"href":"https:\/\/sandovalmotors.com\/index.php?rest_route=%2Fwp%2Fv2%2Fproduct_tag&post=16609"}],"curies":[{"name":"wp","href":"https:\/\/api.w.org\/{rel}","templated":true}]}}