{"id":16607,"date":"2026-01-04T18:33:07","date_gmt":"2026-01-04T23:33:07","guid":{"rendered":"https:\/\/sandovalmotors.com\/?post_type=product&#038;p=16607"},"modified":"2026-01-04T18:36:33","modified_gmt":"2026-01-04T23:36:33","slug":"baul-40-litros","status":"publish","type":"product","link":"https:\/\/sandovalmotors.com\/?product=baul-40-litros","title":{"rendered":"BAUL 40 LITROS"},"content":{"rendered":"<p>Este ba\u00fal de 40 litros est\u00e1 dise\u00f1ado para almacenar c\u00f3modamente un casco integral. Ofrece practicidad, seguridad y resistencia, ideal para quienes buscan una soluci\u00f3n de carga eficiente sin comprometer el estilo de su moto.<\/p>\n","protected":false},"excerpt":{"rendered":"<p>Maletero 40 litros, espacio para un casco<\/p>\n","protected":false},"featured_media":16622,"comment_status":"closed","ping_status":"closed","template":"","meta":[],"product_brand":[110],"product_cat":[92],"product_tag":[],"class_list":{"0":"post-16607","1":"product","2":"type-product","3":"status-publish","4":"has-post-thumbnail","6":"product_brand-fireparts","7":"product_cat-baul","9":"first","10":"instock","11":"shipping-taxable","12":"purchasable","13":"product-type-simple"},"jetpack_sharing_enabled":true,"_links":{"self":[{"href":"https:\/\/sandovalmotors.com\/index.php?rest_route=\/wp\/v2\/product\/16607","targetHints":{"allow":["GET"]}}],"collection":[{"href":"https:\/\/sandovalmotors.com\/index.php?rest_route=\/wp\/v2\/product"}],"about":[{"href":"https:\/\/sandovalmotors.com\/index.php?rest_route=\/wp\/v2\/types\/product"}],"replies":[{"embeddable":true,"href":"https:\/\/sandovalmotors.com\/index.php?rest_route=%2Fwp%2Fv2%2Fcomments&post=16607"}],"version-history":[{"count":1,"href":"https:\/\/sandovalmotors.com\/index.php?rest_route=\/wp\/v2\/product\/16607\/revisions"}],"predecessor-version":[{"id":16613,"href":"https:\/\/sandovalmotors.com\/index.php?rest_route=\/wp\/v2\/product\/16607\/revisions\/16613"}],"wp:featuredmedia":[{"embeddable":true,"href":"https:\/\/sandovalmotors.com\/index.php?rest_route=\/wp\/v2\/media\/16622"}],"wp:attachment":[{"href":"https:\/\/sandovalmotors.com\/index.php?rest_route=%2Fwp%2Fv2%2Fmedia&parent=16607"}],"wp:term":[{"taxonomy":"product_brand","embeddable":true,"href":"https:\/\/sandovalmotors.com\/index.php?rest_route=%2Fwp%2Fv2%2Fproduct_brand&post=16607"},{"taxonomy":"product_cat","embeddable":true,"href":"https:\/\/sandovalmotors.com\/index.php?rest_route=%2Fwp%2Fv2%2Fproduct_cat&post=16607"},{"taxonomy":"product_tag","embeddable":true,"href":"https:\/\/sandovalmotors.com\/index.php?rest_route=%2Fwp%2Fv2%2Fproduct_tag&post=16607"}],"curies":[{"name":"wp","href":"https:\/\/api.w.org\/{rel}","templated":true}]}}