{"id":16492,"date":"2026-01-04T17:25:22","date_gmt":"2026-01-04T22:25:22","guid":{"rendered":"https:\/\/sandovalmotors.com\/?post_type=product&#038;p=16492"},"modified":"2026-01-04T18:05:22","modified_gmt":"2026-01-04T23:05:22","slug":"barra-de-proteccion-mt15","status":"publish","type":"product","link":"https:\/\/sandovalmotors.com\/?product=barra-de-proteccion-mt15","title":{"rendered":"BARRA DE PROTECCION MT15"},"content":{"rendered":"<p>Accesorios dise\u00f1ados para complementar la versatilidad de la MT-15. La barra de protecci\u00f3n brinda seguridad adicional ante ca\u00eddas o impactos, cuidando la estructura de la moto. La parrilla para maletero permite llevar carga de forma pr\u00e1ctica y segura, ideal para el uso diario o recorridos largos.<\/p>\n","protected":false},"excerpt":{"rendered":"<p>BARRA DE PROTECCION \/ PARRILLA MALETERO (MT15)<\/p>\n","protected":false},"featured_media":16526,"comment_status":"closed","ping_status":"closed","template":"","meta":[],"product_brand":[],"product_cat":[80],"product_tag":[],"class_list":{"0":"post-16492","1":"product","2":"type-product","3":"status-publish","4":"has-post-thumbnail","6":"product_cat-defensa","8":"first","9":"instock","10":"shipping-taxable","11":"purchasable","12":"product-type-simple"},"jetpack_sharing_enabled":true,"_links":{"self":[{"href":"https:\/\/sandovalmotors.com\/index.php?rest_route=\/wp\/v2\/product\/16492","targetHints":{"allow":["GET"]}}],"collection":[{"href":"https:\/\/sandovalmotors.com\/index.php?rest_route=\/wp\/v2\/product"}],"about":[{"href":"https:\/\/sandovalmotors.com\/index.php?rest_route=\/wp\/v2\/types\/product"}],"replies":[{"embeddable":true,"href":"https:\/\/sandovalmotors.com\/index.php?rest_route=%2Fwp%2Fv2%2Fcomments&post=16492"}],"version-history":[{"count":1,"href":"https:\/\/sandovalmotors.com\/index.php?rest_route=\/wp\/v2\/product\/16492\/revisions"}],"predecessor-version":[{"id":16502,"href":"https:\/\/sandovalmotors.com\/index.php?rest_route=\/wp\/v2\/product\/16492\/revisions\/16502"}],"wp:featuredmedia":[{"embeddable":true,"href":"https:\/\/sandovalmotors.com\/index.php?rest_route=\/wp\/v2\/media\/16526"}],"wp:attachment":[{"href":"https:\/\/sandovalmotors.com\/index.php?rest_route=%2Fwp%2Fv2%2Fmedia&parent=16492"}],"wp:term":[{"taxonomy":"product_brand","embeddable":true,"href":"https:\/\/sandovalmotors.com\/index.php?rest_route=%2Fwp%2Fv2%2Fproduct_brand&post=16492"},{"taxonomy":"product_cat","embeddable":true,"href":"https:\/\/sandovalmotors.com\/index.php?rest_route=%2Fwp%2Fv2%2Fproduct_cat&post=16492"},{"taxonomy":"product_tag","embeddable":true,"href":"https:\/\/sandovalmotors.com\/index.php?rest_route=%2Fwp%2Fv2%2Fproduct_tag&post=16492"}],"curies":[{"name":"wp","href":"https:\/\/api.w.org\/{rel}","templated":true}]}}