{"id":16490,"date":"2026-01-04T17:25:22","date_gmt":"2026-01-04T22:25:22","guid":{"rendered":"https:\/\/sandovalmotors.com\/?post_type=product&#038;p=16490"},"modified":"2026-01-04T18:08:55","modified_gmt":"2026-01-04T23:08:55","slug":"parrilla-para-maletero-fz-3-0","status":"publish","type":"product","link":"https:\/\/sandovalmotors.com\/?product=parrilla-para-maletero-fz-3-0","title":{"rendered":"PARRILLA PARA MALETERO FZ 3.0"},"content":{"rendered":"<p>Parrilla trasera dise\u00f1ada para la Yamaha FZ 3.0, ideal para instalar maleteros o ba\u00fales de forma segura y funcional. Fabricada en materiales resistentes, brinda un soporte firme para carga diaria o viajes largos. Su dise\u00f1o se ajusta perfectamente al chasis sin necesidad de modificaciones. Ofrece estabilidad, durabilidad y f\u00e1cil instalaci\u00f3n.<\/p>\n","protected":false},"excerpt":{"rendered":"<p>PARRILLA PARA MALETERO FZ 3.0<\/p>\n","protected":false},"featured_media":16534,"comment_status":"closed","ping_status":"closed","template":"","meta":[],"product_brand":[],"product_cat":[85],"product_tag":[],"class_list":{"0":"post-16490","1":"product","2":"type-product","3":"status-publish","4":"has-post-thumbnail","6":"product_cat-parrilla-para-maletero","8":"first","9":"instock","10":"shipping-taxable","11":"purchasable","12":"product-type-simple"},"jetpack_sharing_enabled":true,"_links":{"self":[{"href":"https:\/\/sandovalmotors.com\/index.php?rest_route=\/wp\/v2\/product\/16490","targetHints":{"allow":["GET"]}}],"collection":[{"href":"https:\/\/sandovalmotors.com\/index.php?rest_route=\/wp\/v2\/product"}],"about":[{"href":"https:\/\/sandovalmotors.com\/index.php?rest_route=\/wp\/v2\/types\/product"}],"replies":[{"embeddable":true,"href":"https:\/\/sandovalmotors.com\/index.php?rest_route=%2Fwp%2Fv2%2Fcomments&post=16490"}],"version-history":[{"count":2,"href":"https:\/\/sandovalmotors.com\/index.php?rest_route=\/wp\/v2\/product\/16490\/revisions"}],"predecessor-version":[{"id":16533,"href":"https:\/\/sandovalmotors.com\/index.php?rest_route=\/wp\/v2\/product\/16490\/revisions\/16533"}],"wp:featuredmedia":[{"embeddable":true,"href":"https:\/\/sandovalmotors.com\/index.php?rest_route=\/wp\/v2\/media\/16534"}],"wp:attachment":[{"href":"https:\/\/sandovalmotors.com\/index.php?rest_route=%2Fwp%2Fv2%2Fmedia&parent=16490"}],"wp:term":[{"taxonomy":"product_brand","embeddable":true,"href":"https:\/\/sandovalmotors.com\/index.php?rest_route=%2Fwp%2Fv2%2Fproduct_brand&post=16490"},{"taxonomy":"product_cat","embeddable":true,"href":"https:\/\/sandovalmotors.com\/index.php?rest_route=%2Fwp%2Fv2%2Fproduct_cat&post=16490"},{"taxonomy":"product_tag","embeddable":true,"href":"https:\/\/sandovalmotors.com\/index.php?rest_route=%2Fwp%2Fv2%2Fproduct_tag&post=16490"}],"curies":[{"name":"wp","href":"https:\/\/api.w.org\/{rel}","templated":true}]}}