{"id":16419,"date":"2026-01-04T16:02:16","date_gmt":"2026-01-04T21:02:16","guid":{"rendered":"https:\/\/sandovalmotors.com\/?post_type=product&#038;p=16419"},"modified":"2026-01-04T16:47:32","modified_gmt":"2026-01-04T21:47:32","slug":"bombillo-g8-h4","status":"publish","type":"product","link":"https:\/\/sandovalmotors.com\/?product=bombillo-g8-h4","title":{"rendered":"BOMBILLO G8 H4"},"content":{"rendered":"<p>Los bombillos g8 nos ofrecen una potencia de 5000 l\u00famenes enfocados a expansi\u00f3n y cuentan con un a\u00f1o de garant\u00eda<\/p>\n","protected":false},"excerpt":{"rendered":"<p>Bombillo led H4<\/p>\n","protected":false},"featured_media":16442,"comment_status":"closed","ping_status":"closed","template":"","meta":[],"product_brand":[102],"product_cat":[76],"product_tag":[],"class_list":{"0":"post-16419","1":"product","2":"type-product","3":"status-publish","4":"has-post-thumbnail","6":"product_brand-arlux","7":"product_cat-bombillo","9":"first","10":"instock","11":"shipping-taxable","12":"purchasable","13":"product-type-simple"},"jetpack_sharing_enabled":true,"_links":{"self":[{"href":"https:\/\/sandovalmotors.com\/index.php?rest_route=\/wp\/v2\/product\/16419","targetHints":{"allow":["GET"]}}],"collection":[{"href":"https:\/\/sandovalmotors.com\/index.php?rest_route=\/wp\/v2\/product"}],"about":[{"href":"https:\/\/sandovalmotors.com\/index.php?rest_route=\/wp\/v2\/types\/product"}],"replies":[{"embeddable":true,"href":"https:\/\/sandovalmotors.com\/index.php?rest_route=%2Fwp%2Fv2%2Fcomments&post=16419"}],"version-history":[{"count":1,"href":"https:\/\/sandovalmotors.com\/index.php?rest_route=\/wp\/v2\/product\/16419\/revisions"}],"predecessor-version":[{"id":16432,"href":"https:\/\/sandovalmotors.com\/index.php?rest_route=\/wp\/v2\/product\/16419\/revisions\/16432"}],"wp:featuredmedia":[{"embeddable":true,"href":"https:\/\/sandovalmotors.com\/index.php?rest_route=\/wp\/v2\/media\/16442"}],"wp:attachment":[{"href":"https:\/\/sandovalmotors.com\/index.php?rest_route=%2Fwp%2Fv2%2Fmedia&parent=16419"}],"wp:term":[{"taxonomy":"product_brand","embeddable":true,"href":"https:\/\/sandovalmotors.com\/index.php?rest_route=%2Fwp%2Fv2%2Fproduct_brand&post=16419"},{"taxonomy":"product_cat","embeddable":true,"href":"https:\/\/sandovalmotors.com\/index.php?rest_route=%2Fwp%2Fv2%2Fproduct_cat&post=16419"},{"taxonomy":"product_tag","embeddable":true,"href":"https:\/\/sandovalmotors.com\/index.php?rest_route=%2Fwp%2Fv2%2Fproduct_tag&post=16419"}],"curies":[{"name":"wp","href":"https:\/\/api.w.org\/{rel}","templated":true}]}}