{"id":16307,"date":"2025-12-18T15:43:59","date_gmt":"2025-12-18T20:43:59","guid":{"rendered":"https:\/\/sandovalmotors.com\/?post_type=product&#038;p=16307"},"modified":"2025-12-18T15:51:55","modified_gmt":"2025-12-18T20:51:55","slug":"farola-led-bmw-f700gs-f800-gs-f800-r-f650-gs","status":"publish","type":"product","link":"https:\/\/sandovalmotors.com\/?product=farola-led-bmw-f700gs-f800-gs-f800-r-f650-gs","title":{"rendered":"FAROLA LED, BMW f700GS, F800 GS, F800 R, F650 GS."},"content":{"rendered":"<p>aro LED dise\u00f1ado para BMW F650, F700 y F800 GS. Produce una intensidad luminosa de 6200 l\u00famenes con un consumo eficiente de 60 vatios. Su dise\u00f1o garantiza una iluminaci\u00f3n potente y clara para mayor seguridad en la conducci\u00f3n. El producto incluye un a\u00f1o de garant\u00eda que respalda su calidad y durabilidad.<\/p>\n","protected":false},"excerpt":{"rendered":"<p>Farola Led motos BMW<\/p>\n","protected":false},"featured_media":16330,"comment_status":"closed","ping_status":"closed","template":"","meta":[],"product_brand":[],"product_cat":[98],"product_tag":[],"class_list":{"0":"post-16307","1":"product","2":"type-product","3":"status-publish","4":"has-post-thumbnail","6":"product_cat-farola-bmw","8":"first","9":"instock","10":"shipping-taxable","11":"purchasable","12":"product-type-simple"},"jetpack_sharing_enabled":true,"_links":{"self":[{"href":"https:\/\/sandovalmotors.com\/index.php?rest_route=\/wp\/v2\/product\/16307","targetHints":{"allow":["GET"]}}],"collection":[{"href":"https:\/\/sandovalmotors.com\/index.php?rest_route=\/wp\/v2\/product"}],"about":[{"href":"https:\/\/sandovalmotors.com\/index.php?rest_route=\/wp\/v2\/types\/product"}],"replies":[{"embeddable":true,"href":"https:\/\/sandovalmotors.com\/index.php?rest_route=%2Fwp%2Fv2%2Fcomments&post=16307"}],"version-history":[{"count":1,"href":"https:\/\/sandovalmotors.com\/index.php?rest_route=\/wp\/v2\/product\/16307\/revisions"}],"predecessor-version":[{"id":16320,"href":"https:\/\/sandovalmotors.com\/index.php?rest_route=\/wp\/v2\/product\/16307\/revisions\/16320"}],"wp:featuredmedia":[{"embeddable":true,"href":"https:\/\/sandovalmotors.com\/index.php?rest_route=\/wp\/v2\/media\/16330"}],"wp:attachment":[{"href":"https:\/\/sandovalmotors.com\/index.php?rest_route=%2Fwp%2Fv2%2Fmedia&parent=16307"}],"wp:term":[{"taxonomy":"product_brand","embeddable":true,"href":"https:\/\/sandovalmotors.com\/index.php?rest_route=%2Fwp%2Fv2%2Fproduct_brand&post=16307"},{"taxonomy":"product_cat","embeddable":true,"href":"https:\/\/sandovalmotors.com\/index.php?rest_route=%2Fwp%2Fv2%2Fproduct_cat&post=16307"},{"taxonomy":"product_tag","embeddable":true,"href":"https:\/\/sandovalmotors.com\/index.php?rest_route=%2Fwp%2Fv2%2Fproduct_tag&post=16307"}],"curies":[{"name":"wp","href":"https:\/\/api.w.org\/{rel}","templated":true}]}}