{"id":16296,"date":"2025-12-18T15:43:57","date_gmt":"2025-12-18T20:43:57","guid":{"rendered":"https:\/\/sandovalmotors.com\/?post_type=product&#038;p=16296"},"modified":"2026-01-07T19:36:36","modified_gmt":"2026-01-08T00:36:36","slug":"parrila-para-maletero-parrila-para-maletero-forzada","status":"publish","type":"product","link":"https:\/\/sandovalmotors.com\/?product=parrila-para-maletero-parrila-para-maletero-forzada","title":{"rendered":"PARRILA PARA MALETERO \/ PARRILA PARA MALETERO FORZADA"},"content":{"rendered":"<p>Parrilla para maletero resistente y funcional, ideal para transportar cargas con seguridad. La versi\u00f3n forzada ofrece mayor soporte y estabilidad en terrenos dif\u00edciles. El slider tipo defensa para Gixxer 250\/150 protege la moto de golpes y ca\u00eddas, combinando resistencia y dise\u00f1o. Accesorios perfectos para mejorar la practicidad y protecci\u00f3n de tu motocicleta.<\/p>\n","protected":false},"excerpt":{"rendered":"<p>PARRILA PARA MALETERO \/ PARRILA PARA MALETERO FORZADA \/ SLIDER TIPO DEFENSA<\/p>\n","protected":false},"featured_media":16365,"comment_status":"closed","ping_status":"closed","template":"","meta":[],"product_brand":[107],"product_cat":[85],"product_tag":[],"class_list":{"0":"post-16296","1":"product","2":"type-product","3":"status-publish","4":"has-post-thumbnail","6":"product_brand-armo","7":"product_cat-parrilla-para-maletero","9":"first","10":"instock","11":"shipping-taxable","12":"purchasable","13":"product-type-simple"},"jetpack_sharing_enabled":true,"_links":{"self":[{"href":"https:\/\/sandovalmotors.com\/index.php?rest_route=\/wp\/v2\/product\/16296","targetHints":{"allow":["GET"]}}],"collection":[{"href":"https:\/\/sandovalmotors.com\/index.php?rest_route=\/wp\/v2\/product"}],"about":[{"href":"https:\/\/sandovalmotors.com\/index.php?rest_route=\/wp\/v2\/types\/product"}],"replies":[{"embeddable":true,"href":"https:\/\/sandovalmotors.com\/index.php?rest_route=%2Fwp%2Fv2%2Fcomments&post=16296"}],"version-history":[{"count":2,"href":"https:\/\/sandovalmotors.com\/index.php?rest_route=\/wp\/v2\/product\/16296\/revisions"}],"predecessor-version":[{"id":16845,"href":"https:\/\/sandovalmotors.com\/index.php?rest_route=\/wp\/v2\/product\/16296\/revisions\/16845"}],"wp:featuredmedia":[{"embeddable":true,"href":"https:\/\/sandovalmotors.com\/index.php?rest_route=\/wp\/v2\/media\/16365"}],"wp:attachment":[{"href":"https:\/\/sandovalmotors.com\/index.php?rest_route=%2Fwp%2Fv2%2Fmedia&parent=16296"}],"wp:term":[{"taxonomy":"product_brand","embeddable":true,"href":"https:\/\/sandovalmotors.com\/index.php?rest_route=%2Fwp%2Fv2%2Fproduct_brand&post=16296"},{"taxonomy":"product_cat","embeddable":true,"href":"https:\/\/sandovalmotors.com\/index.php?rest_route=%2Fwp%2Fv2%2Fproduct_cat&post=16296"},{"taxonomy":"product_tag","embeddable":true,"href":"https:\/\/sandovalmotors.com\/index.php?rest_route=%2Fwp%2Fv2%2Fproduct_tag&post=16296"}],"curies":[{"name":"wp","href":"https:\/\/api.w.org\/{rel}","templated":true}]}}