{"id":16172,"date":"2025-11-18T05:28:58","date_gmt":"2025-11-18T10:28:58","guid":{"rendered":"https:\/\/sandovalmotors.com\/?post_type=product&#038;p=16172"},"modified":"2025-11-18T05:29:05","modified_gmt":"2025-11-18T10:29:05","slug":"gps-nemesis","status":"publish","type":"product","link":"https:\/\/sandovalmotors.com\/?product=gps-nemesis","title":{"rendered":"GPS NEMESIS"},"content":{"rendered":"<p>El GPS N\u00e9mesis es un dispositivo de nueva generaci\u00f3n con tecnolog\u00eda 4G que ofrece funciones avanzadas como rastreo en tiempo real, notificaciones en el tel\u00e9fono, alertas de apertura y cierre de switch, aviso de desconexi\u00f3n de bater\u00eda y apagado remoto. Adem\u00e1s, cuenta con almacenamiento de recorridos y una plataforma con sistema internacional para monitoreo eficiente y seguro.<\/p>\n","protected":false},"excerpt":{"rendered":"<p>GPS, Sistema de rastreo satelital <\/p>\n","protected":false},"featured_media":16141,"comment_status":"closed","ping_status":"closed","template":"","meta":[],"product_brand":[],"product_cat":[75],"product_tag":[],"class_list":{"0":"post-16172","1":"product","2":"type-product","3":"status-publish","4":"has-post-thumbnail","6":"product_cat-gps","8":"first","9":"instock","10":"shipping-taxable","11":"purchasable","12":"product-type-simple"},"jetpack_sharing_enabled":true,"_links":{"self":[{"href":"https:\/\/sandovalmotors.com\/index.php?rest_route=\/wp\/v2\/product\/16172","targetHints":{"allow":["GET"]}}],"collection":[{"href":"https:\/\/sandovalmotors.com\/index.php?rest_route=\/wp\/v2\/product"}],"about":[{"href":"https:\/\/sandovalmotors.com\/index.php?rest_route=\/wp\/v2\/types\/product"}],"replies":[{"embeddable":true,"href":"https:\/\/sandovalmotors.com\/index.php?rest_route=%2Fwp%2Fv2%2Fcomments&post=16172"}],"version-history":[{"count":1,"href":"https:\/\/sandovalmotors.com\/index.php?rest_route=\/wp\/v2\/product\/16172\/revisions"}],"predecessor-version":[{"id":16199,"href":"https:\/\/sandovalmotors.com\/index.php?rest_route=\/wp\/v2\/product\/16172\/revisions\/16199"}],"wp:featuredmedia":[{"embeddable":true,"href":"https:\/\/sandovalmotors.com\/index.php?rest_route=\/wp\/v2\/media\/16141"}],"wp:attachment":[{"href":"https:\/\/sandovalmotors.com\/index.php?rest_route=%2Fwp%2Fv2%2Fmedia&parent=16172"}],"wp:term":[{"taxonomy":"product_brand","embeddable":true,"href":"https:\/\/sandovalmotors.com\/index.php?rest_route=%2Fwp%2Fv2%2Fproduct_brand&post=16172"},{"taxonomy":"product_cat","embeddable":true,"href":"https:\/\/sandovalmotors.com\/index.php?rest_route=%2Fwp%2Fv2%2Fproduct_cat&post=16172"},{"taxonomy":"product_tag","embeddable":true,"href":"https:\/\/sandovalmotors.com\/index.php?rest_route=%2Fwp%2Fv2%2Fproduct_tag&post=16172"}],"curies":[{"name":"wp","href":"https:\/\/api.w.org\/{rel}","templated":true}]}}