{"id":16171,"date":"2025-11-18T05:28:58","date_gmt":"2025-11-18T10:28:58","guid":{"rendered":"https:\/\/sandovalmotors.com\/?post_type=product&#038;p=16171"},"modified":"2025-11-18T05:29:05","modified_gmt":"2025-11-18T10:29:05","slug":"alarma-nemesis","status":"publish","type":"product","link":"https:\/\/sandovalmotors.com\/?product=alarma-nemesis","title":{"rendered":"ALARMA NEMESIS"},"content":{"rendered":"<p>La alarma N\u00e9mesis es un sistema de seguridad para motocicletas que incorpora tecnolog\u00eda de proximidad y permite la integraci\u00f3n con GPS mediante cable Data Link, lo que posibilita su control desde un tel\u00e9fono m\u00f3vil. Cuenta con funciones como auto activaci\u00f3n, rearmado, sensor de golpes, modo valet, y sonido de 120 dB. Su alcance es de hasta 120 metros, con sensibilidad ajustable en cinco niveles. Incluye dos controles remotos convencionales y uno de proximidad. Es compatible con motos de carburador e inyecci\u00f3n electr\u00f3nica.<\/p>\n","protected":false},"excerpt":{"rendered":"<p>Alarma de proximidad NEMESIS<\/p>\n","protected":false},"featured_media":16140,"comment_status":"closed","ping_status":"closed","template":"","meta":[],"product_brand":[],"product_cat":[71],"product_tag":[],"class_list":{"0":"post-16171","1":"product","2":"type-product","3":"status-publish","4":"has-post-thumbnail","6":"product_cat-alarma","8":"first","9":"instock","10":"shipping-taxable","11":"purchasable","12":"product-type-simple"},"jetpack_sharing_enabled":true,"_links":{"self":[{"href":"https:\/\/sandovalmotors.com\/index.php?rest_route=\/wp\/v2\/product\/16171","targetHints":{"allow":["GET"]}}],"collection":[{"href":"https:\/\/sandovalmotors.com\/index.php?rest_route=\/wp\/v2\/product"}],"about":[{"href":"https:\/\/sandovalmotors.com\/index.php?rest_route=\/wp\/v2\/types\/product"}],"replies":[{"embeddable":true,"href":"https:\/\/sandovalmotors.com\/index.php?rest_route=%2Fwp%2Fv2%2Fcomments&post=16171"}],"version-history":[{"count":1,"href":"https:\/\/sandovalmotors.com\/index.php?rest_route=\/wp\/v2\/product\/16171\/revisions"}],"predecessor-version":[{"id":16198,"href":"https:\/\/sandovalmotors.com\/index.php?rest_route=\/wp\/v2\/product\/16171\/revisions\/16198"}],"wp:featuredmedia":[{"embeddable":true,"href":"https:\/\/sandovalmotors.com\/index.php?rest_route=\/wp\/v2\/media\/16140"}],"wp:attachment":[{"href":"https:\/\/sandovalmotors.com\/index.php?rest_route=%2Fwp%2Fv2%2Fmedia&parent=16171"}],"wp:term":[{"taxonomy":"product_brand","embeddable":true,"href":"https:\/\/sandovalmotors.com\/index.php?rest_route=%2Fwp%2Fv2%2Fproduct_brand&post=16171"},{"taxonomy":"product_cat","embeddable":true,"href":"https:\/\/sandovalmotors.com\/index.php?rest_route=%2Fwp%2Fv2%2Fproduct_cat&post=16171"},{"taxonomy":"product_tag","embeddable":true,"href":"https:\/\/sandovalmotors.com\/index.php?rest_route=%2Fwp%2Fv2%2Fproduct_tag&post=16171"}],"curies":[{"name":"wp","href":"https:\/\/api.w.org\/{rel}","templated":true}]}}