{"id":16170,"date":"2025-11-18T05:28:58","date_gmt":"2025-11-18T10:28:58","guid":{"rendered":"https:\/\/sandovalmotors.com\/?post_type=product&#038;p=16170"},"modified":"2025-11-18T05:29:04","modified_gmt":"2025-11-18T10:29:04","slug":"cargador-tambor","status":"publish","type":"product","link":"https:\/\/sandovalmotors.com\/?product=cargador-tambor","title":{"rendered":"CARGADOR TAMBOR"},"content":{"rendered":"<p>El cargador tipo tambor es un accesorio compacto de f\u00e1cil integraci\u00f3n, ideal para motos con sistema de preinstalaci\u00f3n. Ofrece carga r\u00e1pida y confiable para dispositivos m\u00f3viles mediante conexi\u00f3n directa, sin afectar la est\u00e9tica del veh\u00edculo.<\/p>\n","protected":false},"excerpt":{"rendered":"<p>Cargador tipo accesorios preinstalacion <\/p>\n","protected":false},"featured_media":16137,"comment_status":"closed","ping_status":"closed","template":"","meta":[],"product_brand":[111],"product_cat":[96],"product_tag":[],"class_list":{"0":"post-16170","1":"product","2":"type-product","3":"status-publish","4":"has-post-thumbnail","6":"product_brand-sandoval-motors","7":"product_cat-cargador","9":"first","10":"instock","11":"shipping-taxable","12":"purchasable","13":"product-type-simple"},"jetpack_sharing_enabled":true,"_links":{"self":[{"href":"https:\/\/sandovalmotors.com\/index.php?rest_route=\/wp\/v2\/product\/16170","targetHints":{"allow":["GET"]}}],"collection":[{"href":"https:\/\/sandovalmotors.com\/index.php?rest_route=\/wp\/v2\/product"}],"about":[{"href":"https:\/\/sandovalmotors.com\/index.php?rest_route=\/wp\/v2\/types\/product"}],"replies":[{"embeddable":true,"href":"https:\/\/sandovalmotors.com\/index.php?rest_route=%2Fwp%2Fv2%2Fcomments&post=16170"}],"version-history":[{"count":1,"href":"https:\/\/sandovalmotors.com\/index.php?rest_route=\/wp\/v2\/product\/16170\/revisions"}],"predecessor-version":[{"id":16197,"href":"https:\/\/sandovalmotors.com\/index.php?rest_route=\/wp\/v2\/product\/16170\/revisions\/16197"}],"wp:featuredmedia":[{"embeddable":true,"href":"https:\/\/sandovalmotors.com\/index.php?rest_route=\/wp\/v2\/media\/16137"}],"wp:attachment":[{"href":"https:\/\/sandovalmotors.com\/index.php?rest_route=%2Fwp%2Fv2%2Fmedia&parent=16170"}],"wp:term":[{"taxonomy":"product_brand","embeddable":true,"href":"https:\/\/sandovalmotors.com\/index.php?rest_route=%2Fwp%2Fv2%2Fproduct_brand&post=16170"},{"taxonomy":"product_cat","embeddable":true,"href":"https:\/\/sandovalmotors.com\/index.php?rest_route=%2Fwp%2Fv2%2Fproduct_cat&post=16170"},{"taxonomy":"product_tag","embeddable":true,"href":"https:\/\/sandovalmotors.com\/index.php?rest_route=%2Fwp%2Fv2%2Fproduct_tag&post=16170"}],"curies":[{"name":"wp","href":"https:\/\/api.w.org\/{rel}","templated":true}]}}