{"id":16167,"date":"2025-11-18T05:28:57","date_gmt":"2025-11-18T10:28:57","guid":{"rendered":"https:\/\/sandovalmotors.com\/?post_type=product&#038;p=16167"},"modified":"2025-11-18T05:29:04","modified_gmt":"2025-11-18T10:29:04","slug":"cargadores-puerto-c-y-usb","status":"publish","type":"product","link":"https:\/\/sandovalmotors.com\/?product=cargadores-puerto-c-y-usb","title":{"rendered":"CARGADORES PUERTO C Y USB"},"content":{"rendered":"<p>Cargador para moto con mult\u00edmetro integrado, ideal para monitorear el voltaje de la bater\u00eda en tiempo real. Cuenta con puertos USB y Tipo C de carga r\u00e1pida, permitiendo recargar dispositivos de forma segura durante tus recorridos.<\/p>\n","protected":false},"excerpt":{"rendered":"<p>Cargador con multimetro para bateria de moto carga rapida, puertos tipo C y USB<\/p>\n","protected":false},"featured_media":16133,"comment_status":"closed","ping_status":"closed","template":"","meta":[],"product_brand":[111],"product_cat":[96],"product_tag":[],"class_list":{"0":"post-16167","1":"product","2":"type-product","3":"status-publish","4":"has-post-thumbnail","6":"product_brand-sandoval-motors","7":"product_cat-cargador","9":"first","10":"instock","11":"shipping-taxable","12":"purchasable","13":"product-type-simple"},"jetpack_sharing_enabled":true,"_links":{"self":[{"href":"https:\/\/sandovalmotors.com\/index.php?rest_route=\/wp\/v2\/product\/16167","targetHints":{"allow":["GET"]}}],"collection":[{"href":"https:\/\/sandovalmotors.com\/index.php?rest_route=\/wp\/v2\/product"}],"about":[{"href":"https:\/\/sandovalmotors.com\/index.php?rest_route=\/wp\/v2\/types\/product"}],"replies":[{"embeddable":true,"href":"https:\/\/sandovalmotors.com\/index.php?rest_route=%2Fwp%2Fv2%2Fcomments&post=16167"}],"version-history":[{"count":1,"href":"https:\/\/sandovalmotors.com\/index.php?rest_route=\/wp\/v2\/product\/16167\/revisions"}],"predecessor-version":[{"id":16194,"href":"https:\/\/sandovalmotors.com\/index.php?rest_route=\/wp\/v2\/product\/16167\/revisions\/16194"}],"wp:featuredmedia":[{"embeddable":true,"href":"https:\/\/sandovalmotors.com\/index.php?rest_route=\/wp\/v2\/media\/16133"}],"wp:attachment":[{"href":"https:\/\/sandovalmotors.com\/index.php?rest_route=%2Fwp%2Fv2%2Fmedia&parent=16167"}],"wp:term":[{"taxonomy":"product_brand","embeddable":true,"href":"https:\/\/sandovalmotors.com\/index.php?rest_route=%2Fwp%2Fv2%2Fproduct_brand&post=16167"},{"taxonomy":"product_cat","embeddable":true,"href":"https:\/\/sandovalmotors.com\/index.php?rest_route=%2Fwp%2Fv2%2Fproduct_cat&post=16167"},{"taxonomy":"product_tag","embeddable":true,"href":"https:\/\/sandovalmotors.com\/index.php?rest_route=%2Fwp%2Fv2%2Fproduct_tag&post=16167"}],"curies":[{"name":"wp","href":"https:\/\/api.w.org\/{rel}","templated":true}]}}