{"id":16166,"date":"2025-11-18T05:28:57","date_gmt":"2025-11-18T10:28:57","guid":{"rendered":"https:\/\/sandovalmotors.com\/?post_type=product&#038;p=16166"},"modified":"2025-11-18T05:29:03","modified_gmt":"2025-11-18T10:29:03","slug":"cinta-de-tela","status":"publish","type":"product","link":"https:\/\/sandovalmotors.com\/?product=cinta-de-tela","title":{"rendered":"CINTA DE TELA"},"content":{"rendered":"<p>Cinta de tela ideal para organizar y proteger cableado en carros y motos. Resiste altas temperaturas y abrasi\u00f3n, ofreciendo una soluci\u00f3n duradera y profesional para instalaciones el\u00e9ctricas o reparaciones.<\/p>\n","protected":false},"excerpt":{"rendered":"<p>Cinta para cableados de carros y motos en tela<\/p>\n","protected":false},"featured_media":16130,"comment_status":"closed","ping_status":"closed","template":"","meta":[],"product_brand":[111],"product_cat":[95],"product_tag":[],"class_list":{"0":"post-16166","1":"product","2":"type-product","3":"status-publish","4":"has-post-thumbnail","6":"product_brand-sandoval-motors","7":"product_cat-cinta-alta-calidad","9":"first","10":"instock","11":"shipping-taxable","12":"purchasable","13":"product-type-simple"},"jetpack_sharing_enabled":true,"_links":{"self":[{"href":"https:\/\/sandovalmotors.com\/index.php?rest_route=\/wp\/v2\/product\/16166","targetHints":{"allow":["GET"]}}],"collection":[{"href":"https:\/\/sandovalmotors.com\/index.php?rest_route=\/wp\/v2\/product"}],"about":[{"href":"https:\/\/sandovalmotors.com\/index.php?rest_route=\/wp\/v2\/types\/product"}],"replies":[{"embeddable":true,"href":"https:\/\/sandovalmotors.com\/index.php?rest_route=%2Fwp%2Fv2%2Fcomments&post=16166"}],"version-history":[{"count":1,"href":"https:\/\/sandovalmotors.com\/index.php?rest_route=\/wp\/v2\/product\/16166\/revisions"}],"predecessor-version":[{"id":16193,"href":"https:\/\/sandovalmotors.com\/index.php?rest_route=\/wp\/v2\/product\/16166\/revisions\/16193"}],"wp:featuredmedia":[{"embeddable":true,"href":"https:\/\/sandovalmotors.com\/index.php?rest_route=\/wp\/v2\/media\/16130"}],"wp:attachment":[{"href":"https:\/\/sandovalmotors.com\/index.php?rest_route=%2Fwp%2Fv2%2Fmedia&parent=16166"}],"wp:term":[{"taxonomy":"product_brand","embeddable":true,"href":"https:\/\/sandovalmotors.com\/index.php?rest_route=%2Fwp%2Fv2%2Fproduct_brand&post=16166"},{"taxonomy":"product_cat","embeddable":true,"href":"https:\/\/sandovalmotors.com\/index.php?rest_route=%2Fwp%2Fv2%2Fproduct_cat&post=16166"},{"taxonomy":"product_tag","embeddable":true,"href":"https:\/\/sandovalmotors.com\/index.php?rest_route=%2Fwp%2Fv2%2Fproduct_tag&post=16166"}],"curies":[{"name":"wp","href":"https:\/\/api.w.org\/{rel}","templated":true}]}}