{"id":16165,"date":"2025-11-18T05:28:57","date_gmt":"2025-11-18T10:28:57","guid":{"rendered":"https:\/\/sandovalmotors.com\/?post_type=product&#038;p=16165"},"modified":"2026-01-07T19:40:25","modified_gmt":"2026-01-08T00:40:25","slug":"carplay-full-equipo","status":"publish","type":"product","link":"https:\/\/sandovalmotors.com\/?product=carplay-full-equipo","title":{"rendered":"CARPLAY FULL EQUIPO"},"content":{"rendered":"<p>Este sistema CarPlay Full, con pantalla que refleja el celular, combina entretenimiento y seguridad, incluyendo c\u00e1maras de visi\u00f3n y sensores de presi\u00f3n de llantas. Ofrece conectividad fluida y funciones avanzadas para mejorar la experiencia de conducci\u00f3n.<\/p>\n","protected":false},"excerpt":{"rendered":"<p>Carpley full con sensores de presion de llantas y camaras<\/p>\n","protected":false},"featured_media":16127,"comment_status":"closed","ping_status":"closed","template":"","meta":[],"product_brand":[111],"product_cat":[120],"product_tag":[],"class_list":{"0":"post-16165","1":"product","2":"type-product","3":"status-publish","4":"has-post-thumbnail","6":"product_brand-sandoval-motors","7":"product_cat-carplay-full-equipo","9":"first","10":"instock","11":"shipping-taxable","12":"purchasable","13":"product-type-simple"},"jetpack_sharing_enabled":true,"_links":{"self":[{"href":"https:\/\/sandovalmotors.com\/index.php?rest_route=\/wp\/v2\/product\/16165","targetHints":{"allow":["GET"]}}],"collection":[{"href":"https:\/\/sandovalmotors.com\/index.php?rest_route=\/wp\/v2\/product"}],"about":[{"href":"https:\/\/sandovalmotors.com\/index.php?rest_route=\/wp\/v2\/types\/product"}],"replies":[{"embeddable":true,"href":"https:\/\/sandovalmotors.com\/index.php?rest_route=%2Fwp%2Fv2%2Fcomments&post=16165"}],"version-history":[{"count":1,"href":"https:\/\/sandovalmotors.com\/index.php?rest_route=\/wp\/v2\/product\/16165\/revisions"}],"predecessor-version":[{"id":16192,"href":"https:\/\/sandovalmotors.com\/index.php?rest_route=\/wp\/v2\/product\/16165\/revisions\/16192"}],"wp:featuredmedia":[{"embeddable":true,"href":"https:\/\/sandovalmotors.com\/index.php?rest_route=\/wp\/v2\/media\/16127"}],"wp:attachment":[{"href":"https:\/\/sandovalmotors.com\/index.php?rest_route=%2Fwp%2Fv2%2Fmedia&parent=16165"}],"wp:term":[{"taxonomy":"product_brand","embeddable":true,"href":"https:\/\/sandovalmotors.com\/index.php?rest_route=%2Fwp%2Fv2%2Fproduct_brand&post=16165"},{"taxonomy":"product_cat","embeddable":true,"href":"https:\/\/sandovalmotors.com\/index.php?rest_route=%2Fwp%2Fv2%2Fproduct_cat&post=16165"},{"taxonomy":"product_tag","embeddable":true,"href":"https:\/\/sandovalmotors.com\/index.php?rest_route=%2Fwp%2Fv2%2Fproduct_tag&post=16165"}],"curies":[{"name":"wp","href":"https:\/\/api.w.org\/{rel}","templated":true}]}}