{"id":16163,"date":"2025-11-18T05:28:57","date_gmt":"2025-11-18T10:28:57","guid":{"rendered":"https:\/\/sandovalmotors.com\/?post_type=product&#038;p=16163"},"modified":"2025-11-18T05:29:03","modified_gmt":"2025-11-18T10:29:03","slug":"slider-de-exosto","status":"publish","type":"product","link":"https:\/\/sandovalmotors.com\/?product=slider-de-exosto","title":{"rendered":"SLIDER DE EXOSTO"},"content":{"rendered":"<p>El slider de exosto protege el escape de la motocicleta ante ca\u00eddas o deslizamientos laterales. Su dise\u00f1o compacto y resistente ayuda a evitar da\u00f1os costosos en el sistema de escape, sin afectar el rendimiento ni la est\u00e9tica.<\/p>\n","protected":false},"excerpt":{"rendered":"<p>Protector exosto<\/p>\n","protected":false},"featured_media":16123,"comment_status":"closed","ping_status":"closed","template":"","meta":[],"product_brand":[108],"product_cat":[90],"product_tag":[],"class_list":{"0":"post-16163","1":"product","2":"type-product","3":"status-publish","4":"has-post-thumbnail","6":"product_brand-rooster","7":"product_cat-slider-exosto","9":"first","10":"instock","11":"shipping-taxable","12":"purchasable","13":"product-type-simple"},"jetpack_sharing_enabled":true,"_links":{"self":[{"href":"https:\/\/sandovalmotors.com\/index.php?rest_route=\/wp\/v2\/product\/16163","targetHints":{"allow":["GET"]}}],"collection":[{"href":"https:\/\/sandovalmotors.com\/index.php?rest_route=\/wp\/v2\/product"}],"about":[{"href":"https:\/\/sandovalmotors.com\/index.php?rest_route=\/wp\/v2\/types\/product"}],"replies":[{"embeddable":true,"href":"https:\/\/sandovalmotors.com\/index.php?rest_route=%2Fwp%2Fv2%2Fcomments&post=16163"}],"version-history":[{"count":1,"href":"https:\/\/sandovalmotors.com\/index.php?rest_route=\/wp\/v2\/product\/16163\/revisions"}],"predecessor-version":[{"id":16190,"href":"https:\/\/sandovalmotors.com\/index.php?rest_route=\/wp\/v2\/product\/16163\/revisions\/16190"}],"wp:featuredmedia":[{"embeddable":true,"href":"https:\/\/sandovalmotors.com\/index.php?rest_route=\/wp\/v2\/media\/16123"}],"wp:attachment":[{"href":"https:\/\/sandovalmotors.com\/index.php?rest_route=%2Fwp%2Fv2%2Fmedia&parent=16163"}],"wp:term":[{"taxonomy":"product_brand","embeddable":true,"href":"https:\/\/sandovalmotors.com\/index.php?rest_route=%2Fwp%2Fv2%2Fproduct_brand&post=16163"},{"taxonomy":"product_cat","embeddable":true,"href":"https:\/\/sandovalmotors.com\/index.php?rest_route=%2Fwp%2Fv2%2Fproduct_cat&post=16163"},{"taxonomy":"product_tag","embeddable":true,"href":"https:\/\/sandovalmotors.com\/index.php?rest_route=%2Fwp%2Fv2%2Fproduct_tag&post=16163"}],"curies":[{"name":"wp","href":"https:\/\/api.w.org\/{rel}","templated":true}]}}