{"id":16158,"date":"2025-11-18T05:28:56","date_gmt":"2025-11-18T10:28:56","guid":{"rendered":"https:\/\/sandovalmotors.com\/?post_type=product&#038;p=16158"},"modified":"2025-11-18T05:29:01","modified_gmt":"2025-11-18T10:29:01","slug":"pito-disco-hella","status":"publish","type":"product","link":"https:\/\/sandovalmotors.com\/?product=pito-disco-hella","title":{"rendered":"PITO DISCO HELLA"},"content":{"rendered":"<p>El pito Bosch de 110 decibeles es una excelente opci\u00f3n para mejorar el sonido de la bocina de tu motocicleta o como repuesto en caso de falla del original. Ofrece un sonido fuerte y efectivo para una mejor se\u00f1alizaci\u00f3n en la v\u00eda. Est\u00e1 fabricado con materiales duraderos y cuenta con 6 meses de garant\u00eda que respaldan su calidad y funcionamiento.<\/p>\n","protected":false},"excerpt":{"rendered":"<p>Pitos individuales<\/p>\n","protected":false},"featured_media":16106,"comment_status":"closed","ping_status":"closed","template":"","meta":[],"product_brand":[105],"product_cat":[78],"product_tag":[],"class_list":{"0":"post-16158","1":"product","2":"type-product","3":"status-publish","4":"has-post-thumbnail","6":"product_brand-hella","7":"product_cat-pito-disco","9":"first","10":"instock","11":"shipping-taxable","12":"purchasable","13":"product-type-simple"},"jetpack_sharing_enabled":true,"_links":{"self":[{"href":"https:\/\/sandovalmotors.com\/index.php?rest_route=\/wp\/v2\/product\/16158","targetHints":{"allow":["GET"]}}],"collection":[{"href":"https:\/\/sandovalmotors.com\/index.php?rest_route=\/wp\/v2\/product"}],"about":[{"href":"https:\/\/sandovalmotors.com\/index.php?rest_route=\/wp\/v2\/types\/product"}],"replies":[{"embeddable":true,"href":"https:\/\/sandovalmotors.com\/index.php?rest_route=%2Fwp%2Fv2%2Fcomments&post=16158"}],"version-history":[{"count":1,"href":"https:\/\/sandovalmotors.com\/index.php?rest_route=\/wp\/v2\/product\/16158\/revisions"}],"predecessor-version":[{"id":16185,"href":"https:\/\/sandovalmotors.com\/index.php?rest_route=\/wp\/v2\/product\/16158\/revisions\/16185"}],"wp:featuredmedia":[{"embeddable":true,"href":"https:\/\/sandovalmotors.com\/index.php?rest_route=\/wp\/v2\/media\/16106"}],"wp:attachment":[{"href":"https:\/\/sandovalmotors.com\/index.php?rest_route=%2Fwp%2Fv2%2Fmedia&parent=16158"}],"wp:term":[{"taxonomy":"product_brand","embeddable":true,"href":"https:\/\/sandovalmotors.com\/index.php?rest_route=%2Fwp%2Fv2%2Fproduct_brand&post=16158"},{"taxonomy":"product_cat","embeddable":true,"href":"https:\/\/sandovalmotors.com\/index.php?rest_route=%2Fwp%2Fv2%2Fproduct_cat&post=16158"},{"taxonomy":"product_tag","embeddable":true,"href":"https:\/\/sandovalmotors.com\/index.php?rest_route=%2Fwp%2Fv2%2Fproduct_tag&post=16158"}],"curies":[{"name":"wp","href":"https:\/\/api.w.org\/{rel}","templated":true}]}}