{"id":16157,"date":"2025-11-18T05:28:56","date_gmt":"2025-11-18T10:28:56","guid":{"rendered":"https:\/\/sandovalmotors.com\/?post_type=product&#038;p=16157"},"modified":"2025-11-18T05:29:01","modified_gmt":"2025-11-18T10:29:01","slug":"cornetas-bosch","status":"publish","type":"product","link":"https:\/\/sandovalmotors.com\/?product=cornetas-bosch","title":{"rendered":"CORNETAS BOSCH"},"content":{"rendered":"<p>Los pitos Bosch generan un sonido potente de 120 decibeles, garantizando una se\u00f1al ac\u00fastica clara y efectiva para alertar en la v\u00eda p\u00fablica. Fabricados con materiales resistentes, ofrecen durabilidad y rendimiento confiable. Adem\u00e1s, cuentan con 6 meses de garant\u00eda que respaldan su calidad y funcionamiento.<\/p>\n","protected":false},"excerpt":{"rendered":"<p>Dos juegos de cornetas <\/p>\n","protected":false},"featured_media":16103,"comment_status":"closed","ping_status":"closed","template":"","meta":[],"product_brand":[106],"product_cat":[77],"product_tag":[],"class_list":{"0":"post-16157","1":"product","2":"type-product","3":"status-publish","4":"has-post-thumbnail","6":"product_brand-bosch","7":"product_cat-cornetas","9":"first","10":"instock","11":"shipping-taxable","12":"purchasable","13":"product-type-simple"},"jetpack_sharing_enabled":true,"_links":{"self":[{"href":"https:\/\/sandovalmotors.com\/index.php?rest_route=\/wp\/v2\/product\/16157","targetHints":{"allow":["GET"]}}],"collection":[{"href":"https:\/\/sandovalmotors.com\/index.php?rest_route=\/wp\/v2\/product"}],"about":[{"href":"https:\/\/sandovalmotors.com\/index.php?rest_route=\/wp\/v2\/types\/product"}],"replies":[{"embeddable":true,"href":"https:\/\/sandovalmotors.com\/index.php?rest_route=%2Fwp%2Fv2%2Fcomments&post=16157"}],"version-history":[{"count":1,"href":"https:\/\/sandovalmotors.com\/index.php?rest_route=\/wp\/v2\/product\/16157\/revisions"}],"predecessor-version":[{"id":16184,"href":"https:\/\/sandovalmotors.com\/index.php?rest_route=\/wp\/v2\/product\/16157\/revisions\/16184"}],"wp:featuredmedia":[{"embeddable":true,"href":"https:\/\/sandovalmotors.com\/index.php?rest_route=\/wp\/v2\/media\/16103"}],"wp:attachment":[{"href":"https:\/\/sandovalmotors.com\/index.php?rest_route=%2Fwp%2Fv2%2Fmedia&parent=16157"}],"wp:term":[{"taxonomy":"product_brand","embeddable":true,"href":"https:\/\/sandovalmotors.com\/index.php?rest_route=%2Fwp%2Fv2%2Fproduct_brand&post=16157"},{"taxonomy":"product_cat","embeddable":true,"href":"https:\/\/sandovalmotors.com\/index.php?rest_route=%2Fwp%2Fv2%2Fproduct_cat&post=16157"},{"taxonomy":"product_tag","embeddable":true,"href":"https:\/\/sandovalmotors.com\/index.php?rest_route=%2Fwp%2Fv2%2Fproduct_tag&post=16157"}],"curies":[{"name":"wp","href":"https:\/\/api.w.org\/{rel}","templated":true}]}}