{"id":16154,"date":"2025-11-18T05:28:56","date_gmt":"2025-11-18T10:28:56","guid":{"rendered":"https:\/\/sandovalmotors.com\/?post_type=product&#038;p=16154"},"modified":"2025-11-18T05:29:00","modified_gmt":"2025-11-18T10:29:00","slug":"max-security-mt21","status":"publish","type":"product","link":"https:\/\/sandovalmotors.com\/?product=max-security-mt21","title":{"rendered":"MAX SECURITY MT21"},"content":{"rendered":"<p>La alarma MT21 de proximidad es una alarma de la marca arani ideal Lara todo tipo de motocicletas. El precio incluye la instalaci\u00f3n y un a\u00f1o de garant\u00eda.<br \/>\nLa alarma tiene<br \/>\n -auto activaci\u00f3n.<br \/>\n-Re armado.<br \/>\n-Proximidad<br \/>\n&#8211; anti atrac\u00f3 con control<br \/>\n-P\u00e1nico.<br \/>\n-Activado silencioso.<br \/>\n&#8211; modo valet.<br \/>\n-Sensor de golpe.<br \/>\n-Memoria<br \/>\n-120 metros de alcance.<br \/>\n-dos controle semi impecables y uno de proximidad.<br \/>\n-Sensibilidad programable tiene 5 niveles.<br \/>\n&#8211; el sonido de la alarma es de 120 decibeles.<br \/>\nEstas \u00e1larma es ideal para motos de carburador y Fuel inyecci\u00f3n<\/p>\n","protected":false},"excerpt":{"rendered":"<p>Alarma de proximidad Arani<\/p>\n","protected":false},"featured_media":16093,"comment_status":"closed","ping_status":"closed","template":"","meta":[],"product_brand":[103],"product_cat":[71],"product_tag":[],"class_list":{"0":"post-16154","1":"product","2":"type-product","3":"status-publish","4":"has-post-thumbnail","6":"product_brand-max-security","7":"product_cat-alarma","9":"first","10":"instock","11":"shipping-taxable","12":"purchasable","13":"product-type-simple"},"jetpack_sharing_enabled":true,"_links":{"self":[{"href":"https:\/\/sandovalmotors.com\/index.php?rest_route=\/wp\/v2\/product\/16154","targetHints":{"allow":["GET"]}}],"collection":[{"href":"https:\/\/sandovalmotors.com\/index.php?rest_route=\/wp\/v2\/product"}],"about":[{"href":"https:\/\/sandovalmotors.com\/index.php?rest_route=\/wp\/v2\/types\/product"}],"replies":[{"embeddable":true,"href":"https:\/\/sandovalmotors.com\/index.php?rest_route=%2Fwp%2Fv2%2Fcomments&post=16154"}],"version-history":[{"count":1,"href":"https:\/\/sandovalmotors.com\/index.php?rest_route=\/wp\/v2\/product\/16154\/revisions"}],"predecessor-version":[{"id":16181,"href":"https:\/\/sandovalmotors.com\/index.php?rest_route=\/wp\/v2\/product\/16154\/revisions\/16181"}],"wp:featuredmedia":[{"embeddable":true,"href":"https:\/\/sandovalmotors.com\/index.php?rest_route=\/wp\/v2\/media\/16093"}],"wp:attachment":[{"href":"https:\/\/sandovalmotors.com\/index.php?rest_route=%2Fwp%2Fv2%2Fmedia&parent=16154"}],"wp:term":[{"taxonomy":"product_brand","embeddable":true,"href":"https:\/\/sandovalmotors.com\/index.php?rest_route=%2Fwp%2Fv2%2Fproduct_brand&post=16154"},{"taxonomy":"product_cat","embeddable":true,"href":"https:\/\/sandovalmotors.com\/index.php?rest_route=%2Fwp%2Fv2%2Fproduct_cat&post=16154"},{"taxonomy":"product_tag","embeddable":true,"href":"https:\/\/sandovalmotors.com\/index.php?rest_route=%2Fwp%2Fv2%2Fproduct_tag&post=16154"}],"curies":[{"name":"wp","href":"https:\/\/api.w.org\/{rel}","templated":true}]}}