{"id":16153,"date":"2025-11-18T05:28:56","date_gmt":"2025-11-18T10:28:56","guid":{"rendered":"https:\/\/sandovalmotors.com\/?post_type=product&#038;p=16153"},"modified":"2026-01-07T19:38:11","modified_gmt":"2026-01-08T00:38:11","slug":"pantalla-aiwa","status":"publish","type":"product","link":"https:\/\/sandovalmotors.com\/?product=pantalla-aiwa","title":{"rendered":"PANTALLA AIWA"},"content":{"rendered":"<p>Pantalla t\u00e1ctil AIWA AW-GP50M de 5\u201d ideal para moto, con resoluci\u00f3n de 800&#215;480.<br \/>\nCompatible con Android Auto y CarPlay inal\u00e1mbrico, incluye grabaci\u00f3n DVR con 2 c\u00e1maras.<br \/>\nPosee Bluetooth, ranura para microSD hasta 64 GB y reproduce fotos, audio y video.<br \/>\nCuenta con sistema operativo Linux y memoria DDR2 de 128 MB.<br \/>\nResistente a salpicaduras de agua (IP67) y se alimenta con 9V-24V DC.<\/p>\n","protected":false},"excerpt":{"rendered":"<p>Pantalla sencilla AIWA<\/p>\n","protected":false},"featured_media":16089,"comment_status":"closed","ping_status":"closed","template":"","meta":[],"product_brand":[101],"product_cat":[119],"product_tag":[],"class_list":{"0":"post-16153","1":"product","2":"type-product","3":"status-publish","4":"has-post-thumbnail","6":"product_brand-aiwa","7":"product_cat-carplay","9":"first","10":"instock","11":"shipping-taxable","12":"purchasable","13":"product-type-simple"},"jetpack_sharing_enabled":true,"_links":{"self":[{"href":"https:\/\/sandovalmotors.com\/index.php?rest_route=\/wp\/v2\/product\/16153","targetHints":{"allow":["GET"]}}],"collection":[{"href":"https:\/\/sandovalmotors.com\/index.php?rest_route=\/wp\/v2\/product"}],"about":[{"href":"https:\/\/sandovalmotors.com\/index.php?rest_route=\/wp\/v2\/types\/product"}],"replies":[{"embeddable":true,"href":"https:\/\/sandovalmotors.com\/index.php?rest_route=%2Fwp%2Fv2%2Fcomments&post=16153"}],"version-history":[{"count":1,"href":"https:\/\/sandovalmotors.com\/index.php?rest_route=\/wp\/v2\/product\/16153\/revisions"}],"predecessor-version":[{"id":16180,"href":"https:\/\/sandovalmotors.com\/index.php?rest_route=\/wp\/v2\/product\/16153\/revisions\/16180"}],"wp:featuredmedia":[{"embeddable":true,"href":"https:\/\/sandovalmotors.com\/index.php?rest_route=\/wp\/v2\/media\/16089"}],"wp:attachment":[{"href":"https:\/\/sandovalmotors.com\/index.php?rest_route=%2Fwp%2Fv2%2Fmedia&parent=16153"}],"wp:term":[{"taxonomy":"product_brand","embeddable":true,"href":"https:\/\/sandovalmotors.com\/index.php?rest_route=%2Fwp%2Fv2%2Fproduct_brand&post=16153"},{"taxonomy":"product_cat","embeddable":true,"href":"https:\/\/sandovalmotors.com\/index.php?rest_route=%2Fwp%2Fv2%2Fproduct_cat&post=16153"},{"taxonomy":"product_tag","embeddable":true,"href":"https:\/\/sandovalmotors.com\/index.php?rest_route=%2Fwp%2Fv2%2Fproduct_tag&post=16153"}],"curies":[{"name":"wp","href":"https:\/\/api.w.org\/{rel}","templated":true}]}}