{"id":16152,"date":"2025-11-18T05:28:55","date_gmt":"2025-11-18T10:28:55","guid":{"rendered":"https:\/\/sandovalmotors.com\/?post_type=product&#038;p=16152"},"modified":"2025-11-18T05:29:00","modified_gmt":"2025-11-18T10:29:00","slug":"gps","status":"publish","type":"product","link":"https:\/\/sandovalmotors.com\/?product=gps","title":{"rendered":"GPS"},"content":{"rendered":"<p>El GPS mosat tiene un costo de $550000 instalado y con un a\u00f1o de garant\u00eda la plataforma del GPS se puede pagar mensual o anual directamente desde la plataforma mensual tiene un costo de $22000 y anual tiene un costo de $220000 ese costo incluye el funcionamiento de la aplicaci\u00f3n y los datos para la SIM del GPS.<br \/>\nEl GPS mosat tiene las siguientes funciones:<br \/>\n&#8211; posici\u00f3n en tiempo real.<br \/>\n&#8211; comando de bloqueo remoto y desbloqueo remoto.<br \/>\n&#8211; notificaciones de apertura de swich, cierre de swich.<br \/>\n&#8211; notificaciones de desconexi\u00f3n de bater\u00eda.<br \/>\n&#8211; notificaciones de remolque.<br \/>\n&#8211; reporte hist\u00f3rico de recorridos.<br \/>\n&#8211; servicio de recuperaci\u00f3n de veh\u00edculos en caso de robo con la polic\u00eda<br \/>\n&#8211; bater\u00eda de respaldo con 6 horas de autonom\u00eda.<\/p>\n","protected":false},"excerpt":{"rendered":"<p>GPS rastreo satelital<\/p>\n","protected":false},"featured_media":16087,"comment_status":"closed","ping_status":"closed","template":"","meta":[],"product_brand":[99],"product_cat":[75],"product_tag":[],"class_list":{"0":"post-16152","1":"product","2":"type-product","3":"status-publish","4":"has-post-thumbnail","6":"product_brand-ultra","7":"product_cat-gps","9":"first","10":"instock","11":"shipping-taxable","12":"purchasable","13":"product-type-simple"},"jetpack_sharing_enabled":true,"_links":{"self":[{"href":"https:\/\/sandovalmotors.com\/index.php?rest_route=\/wp\/v2\/product\/16152","targetHints":{"allow":["GET"]}}],"collection":[{"href":"https:\/\/sandovalmotors.com\/index.php?rest_route=\/wp\/v2\/product"}],"about":[{"href":"https:\/\/sandovalmotors.com\/index.php?rest_route=\/wp\/v2\/types\/product"}],"replies":[{"embeddable":true,"href":"https:\/\/sandovalmotors.com\/index.php?rest_route=%2Fwp%2Fv2%2Fcomments&post=16152"}],"version-history":[{"count":1,"href":"https:\/\/sandovalmotors.com\/index.php?rest_route=\/wp\/v2\/product\/16152\/revisions"}],"predecessor-version":[{"id":16179,"href":"https:\/\/sandovalmotors.com\/index.php?rest_route=\/wp\/v2\/product\/16152\/revisions\/16179"}],"wp:featuredmedia":[{"embeddable":true,"href":"https:\/\/sandovalmotors.com\/index.php?rest_route=\/wp\/v2\/media\/16087"}],"wp:attachment":[{"href":"https:\/\/sandovalmotors.com\/index.php?rest_route=%2Fwp%2Fv2%2Fmedia&parent=16152"}],"wp:term":[{"taxonomy":"product_brand","embeddable":true,"href":"https:\/\/sandovalmotors.com\/index.php?rest_route=%2Fwp%2Fv2%2Fproduct_brand&post=16152"},{"taxonomy":"product_cat","embeddable":true,"href":"https:\/\/sandovalmotors.com\/index.php?rest_route=%2Fwp%2Fv2%2Fproduct_cat&post=16152"},{"taxonomy":"product_tag","embeddable":true,"href":"https:\/\/sandovalmotors.com\/index.php?rest_route=%2Fwp%2Fv2%2Fproduct_tag&post=16152"}],"curies":[{"name":"wp","href":"https:\/\/api.w.org\/{rel}","templated":true}]}}