{"id":16150,"date":"2025-11-18T05:28:55","date_gmt":"2025-11-18T10:28:55","guid":{"rendered":"https:\/\/sandovalmotors.com\/?post_type=product&#038;p=16150"},"modified":"2026-01-07T19:38:29","modified_gmt":"2026-01-08T00:38:29","slug":"carplay","status":"publish","type":"product","link":"https:\/\/sandovalmotors.com\/?product=carplay","title":{"rendered":"CARPLAY"},"content":{"rendered":"<p>El carplay Ultra cuenta con una pantalla de 5 pulgadas ip67 con control en el manubrio, con funci\u00f3n de volt\u00edmetro con funci\u00f3n para tel\u00e9fonos iPhone y Android, conexi\u00f3n Bluetooth y conexi\u00f3n wi-fi. Puedes conectar tu intercomunicador y tu tel\u00e9fono al mismo tiempo y si tienes tel\u00e9fono iPhone puedes contestar y colgar llamadas directamente desde el mando<\/p>\n","protected":false},"excerpt":{"rendered":"<p>Pantalla sencilla Ultra<\/p>\n","protected":false},"featured_media":16083,"comment_status":"closed","ping_status":"closed","template":"","meta":[],"product_brand":[99],"product_cat":[119],"product_tag":[],"class_list":{"0":"post-16150","1":"product","2":"type-product","3":"status-publish","4":"has-post-thumbnail","6":"product_brand-ultra","7":"product_cat-carplay","9":"first","10":"instock","11":"shipping-taxable","12":"purchasable","13":"product-type-simple"},"jetpack_sharing_enabled":true,"_links":{"self":[{"href":"https:\/\/sandovalmotors.com\/index.php?rest_route=\/wp\/v2\/product\/16150","targetHints":{"allow":["GET"]}}],"collection":[{"href":"https:\/\/sandovalmotors.com\/index.php?rest_route=\/wp\/v2\/product"}],"about":[{"href":"https:\/\/sandovalmotors.com\/index.php?rest_route=\/wp\/v2\/types\/product"}],"replies":[{"embeddable":true,"href":"https:\/\/sandovalmotors.com\/index.php?rest_route=%2Fwp%2Fv2%2Fcomments&post=16150"}],"version-history":[{"count":2,"href":"https:\/\/sandovalmotors.com\/index.php?rest_route=\/wp\/v2\/product\/16150\/revisions"}],"predecessor-version":[{"id":16846,"href":"https:\/\/sandovalmotors.com\/index.php?rest_route=\/wp\/v2\/product\/16150\/revisions\/16846"}],"wp:featuredmedia":[{"embeddable":true,"href":"https:\/\/sandovalmotors.com\/index.php?rest_route=\/wp\/v2\/media\/16083"}],"wp:attachment":[{"href":"https:\/\/sandovalmotors.com\/index.php?rest_route=%2Fwp%2Fv2%2Fmedia&parent=16150"}],"wp:term":[{"taxonomy":"product_brand","embeddable":true,"href":"https:\/\/sandovalmotors.com\/index.php?rest_route=%2Fwp%2Fv2%2Fproduct_brand&post=16150"},{"taxonomy":"product_cat","embeddable":true,"href":"https:\/\/sandovalmotors.com\/index.php?rest_route=%2Fwp%2Fv2%2Fproduct_cat&post=16150"},{"taxonomy":"product_tag","embeddable":true,"href":"https:\/\/sandovalmotors.com\/index.php?rest_route=%2Fwp%2Fv2%2Fproduct_tag&post=16150"}],"curies":[{"name":"wp","href":"https:\/\/api.w.org\/{rel}","templated":true}]}}